{"id":5822,"date":"2023-02-18T14:00:00","date_gmt":"2023-02-18T13:00:00","guid":{"rendered":"https:\/\/shop.arttrakt.pl\/?post_type=product&#038;p=5822"},"modified":"2023-03-13T20:36:23","modified_gmt":"2023-03-13T19:36:23","slug":"agata-kosmala-bez-tytulu-3","status":"publish","type":"product","link":"https:\/\/shop.arttrakt.pl\/en\/shop\/unikatowe-prace-na-papierze\/agata-kosmala-bez-tytulu-3\/","title":{"rendered":"Agata Kosmala &#8211; Bez tytu\u0142u"},"content":{"rendered":"<p>Agata Kosmala, Bez tytu\u0142u. technika w\u0142asna na papierze akrylowym, 12 x 12 cm<\/p>\n","protected":false},"excerpt":{"rendered":"<p>Bez tytu\u0142u. technika w\u0142asna na papierze akrylowym, 12 x 12 cm<\/p>\n","protected":false},"featured_media":5823,"template":"","meta":{"_et_pb_use_builder":"","_et_pb_old_content":"","_et_gb_content_width":"","inline_featured_image":false},"product_brand":[],"product_cat":[620],"product_tag":[],"class_list":{"0":"post-5822","1":"product","2":"type-product","3":"status-publish","4":"has-post-thumbnail","6":"product_cat-unikatowe-prace-na-papierze","7":"product_shipping_class-mala-przesylka","9":"first","10":"instock","11":"sold-individually","12":"shipping-taxable","13":"purchasable","14":"product-type-simple"},"yoast_head":"<!-- This site is optimized with the Yoast SEO plugin v24.7 - https:\/\/yoast.com\/wordpress\/plugins\/seo\/ -->\n<title>Agata Kosmala - Bez tytu\u0142u - SHOP ARTTRAKT<\/title>\n<meta name=\"description\" content=\"Agata Kosmala, Bez tytu\u0142u. technika w\u0142asna na papierze akrylowym, 12 x 12 cm\" \/>\n<meta name=\"robots\" content=\"index, follow, max-snippet:-1, max-image-preview:large, max-video-preview:-1\" \/>\n<link rel=\"canonical\" href=\"https:\/\/shop.arttrakt.pl\/en\/shop\/unikatowe-prace-na-papierze\/agata-kosmala-bez-tytulu-3\/\" \/>\n<meta property=\"og:locale\" content=\"en_US\" \/>\n<meta property=\"og:type\" content=\"article\" \/>\n<meta property=\"og:title\" content=\"Agata Kosmala - Bez tytu\u0142u - SHOP ARTTRAKT\" \/>\n<meta property=\"og:description\" content=\"Agata Kosmala, Bez tytu\u0142u. technika w\u0142asna na papierze akrylowym, 12 x 12 cm\" \/>\n<meta property=\"og:url\" content=\"https:\/\/shop.arttrakt.pl\/en\/shop\/unikatowe-prace-na-papierze\/agata-kosmala-bez-tytulu-3\/\" \/>\n<meta property=\"og:site_name\" content=\"SHOP ARTTRAKT\" \/>\n<meta property=\"article:publisher\" content=\"https:\/\/www.facebook.com\/Arttrakt\" \/>\n<meta property=\"article:modified_time\" content=\"2023-03-13T19:36:23+00:00\" \/>\n<meta property=\"og:image\" content=\"https:\/\/shop.arttrakt.pl\/wp-content\/uploads\/2023\/02\/Agata_Kosmala_bt_t_wlasna_na__papierze_akwarelowym_12x12cm.jpg\" \/>\n\t<meta property=\"og:image:width\" content=\"1000\" \/>\n\t<meta property=\"og:image:height\" content=\"1000\" \/>\n\t<meta property=\"og:image:type\" content=\"image\/jpeg\" \/>\n<script type=\"application\/ld+json\" class=\"yoast-schema-graph\">{\"@context\":\"https:\/\/schema.org\",\"@graph\":[{\"@type\":\"WebPage\",\"@id\":\"https:\/\/shop.arttrakt.pl\/en\/shop\/unikatowe-prace-na-papierze\/agata-kosmala-bez-tytulu-3\/\",\"url\":\"https:\/\/shop.arttrakt.pl\/en\/shop\/unikatowe-prace-na-papierze\/agata-kosmala-bez-tytulu-3\/\",\"name\":\"Agata Kosmala - Bez tytu\u0142u - SHOP ARTTRAKT\",\"isPartOf\":{\"@id\":\"https:\/\/shop.arttrakt.pl\/en\/#website\"},\"primaryImageOfPage\":{\"@id\":\"https:\/\/shop.arttrakt.pl\/en\/shop\/unikatowe-prace-na-papierze\/agata-kosmala-bez-tytulu-3\/#primaryimage\"},\"image\":{\"@id\":\"https:\/\/shop.arttrakt.pl\/en\/shop\/unikatowe-prace-na-papierze\/agata-kosmala-bez-tytulu-3\/#primaryimage\"},\"thumbnailUrl\":\"https:\/\/shop.arttrakt.pl\/wp-content\/uploads\/2023\/02\/Agata_Kosmala_bt_t_wlasna_na__papierze_akwarelowym_12x12cm.jpg\",\"datePublished\":\"2023-02-18T13:00:00+00:00\",\"dateModified\":\"2023-03-13T19:36:23+00:00\",\"description\":\"Agata Kosmala, Bez tytu\u0142u. technika w\u0142asna na papierze akrylowym, 12 x 12 cm\",\"breadcrumb\":{\"@id\":\"https:\/\/shop.arttrakt.pl\/en\/shop\/unikatowe-prace-na-papierze\/agata-kosmala-bez-tytulu-3\/#breadcrumb\"},\"inLanguage\":\"en-US\",\"potentialAction\":[{\"@type\":\"ReadAction\",\"target\":[\"https:\/\/shop.arttrakt.pl\/en\/shop\/unikatowe-prace-na-papierze\/agata-kosmala-bez-tytulu-3\/\"]}]},{\"@type\":\"ImageObject\",\"inLanguage\":\"en-US\",\"@id\":\"https:\/\/shop.arttrakt.pl\/en\/shop\/unikatowe-prace-na-papierze\/agata-kosmala-bez-tytulu-3\/#primaryimage\",\"url\":\"https:\/\/shop.arttrakt.pl\/wp-content\/uploads\/2023\/02\/Agata_Kosmala_bt_t_wlasna_na__papierze_akwarelowym_12x12cm.jpg\",\"contentUrl\":\"https:\/\/shop.arttrakt.pl\/wp-content\/uploads\/2023\/02\/Agata_Kosmala_bt_t_wlasna_na__papierze_akwarelowym_12x12cm.jpg\",\"width\":1000,\"height\":1000,\"caption\":\"Agata Kosmala, Bez tytu\u0142u. technika w\u0142asna na papierze akrylowym, 12 x 12 cm\"},{\"@type\":\"BreadcrumbList\",\"@id\":\"https:\/\/shop.arttrakt.pl\/en\/shop\/unikatowe-prace-na-papierze\/agata-kosmala-bez-tytulu-3\/#breadcrumb\",\"itemListElement\":[{\"@type\":\"ListItem\",\"position\":1,\"name\":\"Strona g\u0142\u00f3wna\",\"item\":\"https:\/\/shop.arttrakt.pl\/en\/\"},{\"@type\":\"ListItem\",\"position\":2,\"name\":\"Shop\",\"item\":\"https:\/\/shop.arttrakt.pl\/en\/shop\/\"},{\"@type\":\"ListItem\",\"position\":3,\"name\":\"Agata Kosmala &#8211; Bez tytu\u0142u\"}]},{\"@type\":\"WebSite\",\"@id\":\"https:\/\/shop.arttrakt.pl\/en\/#website\",\"url\":\"https:\/\/shop.arttrakt.pl\/en\/\",\"name\":\"SHOP ARTTRAKT\",\"description\":\"Sklep Arttrakt\",\"publisher\":{\"@id\":\"https:\/\/shop.arttrakt.pl\/en\/#organization\"},\"potentialAction\":[{\"@type\":\"SearchAction\",\"target\":{\"@type\":\"EntryPoint\",\"urlTemplate\":\"https:\/\/shop.arttrakt.pl\/en\/?s={search_term_string}\"},\"query-input\":{\"@type\":\"PropertyValueSpecification\",\"valueRequired\":true,\"valueName\":\"search_term_string\"}}],\"inLanguage\":\"en-US\"},{\"@type\":\"Organization\",\"@id\":\"https:\/\/shop.arttrakt.pl\/en\/#organization\",\"name\":\"ARTTRAKT\",\"alternateName\":\"ARTTRAKT\",\"url\":\"https:\/\/shop.arttrakt.pl\/en\/\",\"logo\":{\"@type\":\"ImageObject\",\"inLanguage\":\"en-US\",\"@id\":\"https:\/\/shop.arttrakt.pl\/en\/#\/schema\/logo\/image\/\",\"url\":\"https:\/\/shop.arttrakt.pl\/wp-content\/uploads\/2022\/03\/logo_arttrakt.svg\",\"contentUrl\":\"https:\/\/shop.arttrakt.pl\/wp-content\/uploads\/2022\/03\/logo_arttrakt.svg\",\"width\":\"1024\",\"height\":\"1024\",\"caption\":\"ARTTRAKT\"},\"image\":{\"@id\":\"https:\/\/shop.arttrakt.pl\/en\/#\/schema\/logo\/image\/\"},\"sameAs\":[\"https:\/\/www.facebook.com\/Arttrakt\",\"https:\/\/www.instagram.com\/galeria_arttrakt\/\"]}]}<\/script>\n<!-- \/ Yoast SEO plugin. -->","yoast_head_json":{"title":"Agata Kosmala - Bez tytu\u0142u - SHOP ARTTRAKT","description":"Agata Kosmala, Bez tytu\u0142u. technika w\u0142asna na papierze akrylowym, 12 x 12 cm","robots":{"index":"index","follow":"follow","max-snippet":"max-snippet:-1","max-image-preview":"max-image-preview:large","max-video-preview":"max-video-preview:-1"},"canonical":"https:\/\/shop.arttrakt.pl\/en\/shop\/unikatowe-prace-na-papierze\/agata-kosmala-bez-tytulu-3\/","og_locale":"en_US","og_type":"article","og_title":"Agata Kosmala - Bez tytu\u0142u - SHOP ARTTRAKT","og_description":"Agata Kosmala, Bez tytu\u0142u. technika w\u0142asna na papierze akrylowym, 12 x 12 cm","og_url":"https:\/\/shop.arttrakt.pl\/en\/shop\/unikatowe-prace-na-papierze\/agata-kosmala-bez-tytulu-3\/","og_site_name":"SHOP ARTTRAKT","article_publisher":"https:\/\/www.facebook.com\/Arttrakt","article_modified_time":"2023-03-13T19:36:23+00:00","og_image":[{"width":1000,"height":1000,"url":"https:\/\/shop.arttrakt.pl\/wp-content\/uploads\/2023\/02\/Agata_Kosmala_bt_t_wlasna_na__papierze_akwarelowym_12x12cm.jpg","type":"image\/jpeg"}],"schema":{"@context":"https:\/\/schema.org","@graph":[{"@type":"WebPage","@id":"https:\/\/shop.arttrakt.pl\/en\/shop\/unikatowe-prace-na-papierze\/agata-kosmala-bez-tytulu-3\/","url":"https:\/\/shop.arttrakt.pl\/en\/shop\/unikatowe-prace-na-papierze\/agata-kosmala-bez-tytulu-3\/","name":"Agata Kosmala - Bez tytu\u0142u - SHOP ARTTRAKT","isPartOf":{"@id":"https:\/\/shop.arttrakt.pl\/en\/#website"},"primaryImageOfPage":{"@id":"https:\/\/shop.arttrakt.pl\/en\/shop\/unikatowe-prace-na-papierze\/agata-kosmala-bez-tytulu-3\/#primaryimage"},"image":{"@id":"https:\/\/shop.arttrakt.pl\/en\/shop\/unikatowe-prace-na-papierze\/agata-kosmala-bez-tytulu-3\/#primaryimage"},"thumbnailUrl":"https:\/\/shop.arttrakt.pl\/wp-content\/uploads\/2023\/02\/Agata_Kosmala_bt_t_wlasna_na__papierze_akwarelowym_12x12cm.jpg","datePublished":"2023-02-18T13:00:00+00:00","dateModified":"2023-03-13T19:36:23+00:00","description":"Agata Kosmala, Bez tytu\u0142u. technika w\u0142asna na papierze akrylowym, 12 x 12 cm","breadcrumb":{"@id":"https:\/\/shop.arttrakt.pl\/en\/shop\/unikatowe-prace-na-papierze\/agata-kosmala-bez-tytulu-3\/#breadcrumb"},"inLanguage":"en-US","potentialAction":[{"@type":"ReadAction","target":["https:\/\/shop.arttrakt.pl\/en\/shop\/unikatowe-prace-na-papierze\/agata-kosmala-bez-tytulu-3\/"]}]},{"@type":"ImageObject","inLanguage":"en-US","@id":"https:\/\/shop.arttrakt.pl\/en\/shop\/unikatowe-prace-na-papierze\/agata-kosmala-bez-tytulu-3\/#primaryimage","url":"https:\/\/shop.arttrakt.pl\/wp-content\/uploads\/2023\/02\/Agata_Kosmala_bt_t_wlasna_na__papierze_akwarelowym_12x12cm.jpg","contentUrl":"https:\/\/shop.arttrakt.pl\/wp-content\/uploads\/2023\/02\/Agata_Kosmala_bt_t_wlasna_na__papierze_akwarelowym_12x12cm.jpg","width":1000,"height":1000,"caption":"Agata Kosmala, Bez tytu\u0142u. technika w\u0142asna na papierze akrylowym, 12 x 12 cm"},{"@type":"BreadcrumbList","@id":"https:\/\/shop.arttrakt.pl\/en\/shop\/unikatowe-prace-na-papierze\/agata-kosmala-bez-tytulu-3\/#breadcrumb","itemListElement":[{"@type":"ListItem","position":1,"name":"Strona g\u0142\u00f3wna","item":"https:\/\/shop.arttrakt.pl\/en\/"},{"@type":"ListItem","position":2,"name":"Shop","item":"https:\/\/shop.arttrakt.pl\/en\/shop\/"},{"@type":"ListItem","position":3,"name":"Agata Kosmala &#8211; Bez tytu\u0142u"}]},{"@type":"WebSite","@id":"https:\/\/shop.arttrakt.pl\/en\/#website","url":"https:\/\/shop.arttrakt.pl\/en\/","name":"SHOP ARTTRAKT","description":"Sklep Arttrakt","publisher":{"@id":"https:\/\/shop.arttrakt.pl\/en\/#organization"},"potentialAction":[{"@type":"SearchAction","target":{"@type":"EntryPoint","urlTemplate":"https:\/\/shop.arttrakt.pl\/en\/?s={search_term_string}"},"query-input":{"@type":"PropertyValueSpecification","valueRequired":true,"valueName":"search_term_string"}}],"inLanguage":"en-US"},{"@type":"Organization","@id":"https:\/\/shop.arttrakt.pl\/en\/#organization","name":"ARTTRAKT","alternateName":"ARTTRAKT","url":"https:\/\/shop.arttrakt.pl\/en\/","logo":{"@type":"ImageObject","inLanguage":"en-US","@id":"https:\/\/shop.arttrakt.pl\/en\/#\/schema\/logo\/image\/","url":"https:\/\/shop.arttrakt.pl\/wp-content\/uploads\/2022\/03\/logo_arttrakt.svg","contentUrl":"https:\/\/shop.arttrakt.pl\/wp-content\/uploads\/2022\/03\/logo_arttrakt.svg","width":"1024","height":"1024","caption":"ARTTRAKT"},"image":{"@id":"https:\/\/shop.arttrakt.pl\/en\/#\/schema\/logo\/image\/"},"sameAs":["https:\/\/www.facebook.com\/Arttrakt","https:\/\/www.instagram.com\/galeria_arttrakt\/"]}]}},"_links":{"self":[{"href":"https:\/\/shop.arttrakt.pl\/en\/wp-json\/wp\/v2\/product\/5822","targetHints":{"allow":["GET"]}}],"collection":[{"href":"https:\/\/shop.arttrakt.pl\/en\/wp-json\/wp\/v2\/product"}],"about":[{"href":"https:\/\/shop.arttrakt.pl\/en\/wp-json\/wp\/v2\/types\/product"}],"wp:featuredmedia":[{"embeddable":true,"href":"https:\/\/shop.arttrakt.pl\/en\/wp-json\/wp\/v2\/media\/5823"}],"wp:attachment":[{"href":"https:\/\/shop.arttrakt.pl\/en\/wp-json\/wp\/v2\/media?parent=5822"}],"wp:term":[{"taxonomy":"product_brand","embeddable":true,"href":"https:\/\/shop.arttrakt.pl\/en\/wp-json\/wp\/v2\/product_brand?post=5822"},{"taxonomy":"product_cat","embeddable":true,"href":"https:\/\/shop.arttrakt.pl\/en\/wp-json\/wp\/v2\/product_cat?post=5822"},{"taxonomy":"product_tag","embeddable":true,"href":"https:\/\/shop.arttrakt.pl\/en\/wp-json\/wp\/v2\/product_tag?post=5822"}],"curies":[{"name":"wp","href":"https:\/\/api.w.org\/{rel}","templated":true}]}}