{"id":4053,"date":"2022-10-05T16:44:11","date_gmt":"2022-10-05T14:44:11","guid":{"rendered":"https:\/\/shop.arttrakt.pl\/?post_type=product&#038;p=4053"},"modified":"2023-03-02T20:08:14","modified_gmt":"2023-03-02T19:08:14","slug":"zla-siostra","status":"publish","type":"product","link":"https:\/\/shop.arttrakt.pl\/en\/shop\/unikatowe-prace-na-papierze\/zla-siostra\/","title":{"rendered":"Basia Ba\u0144da &#8211; Z\u0142a siostra"},"content":{"rendered":"<h2>Basia Ba\u0144da, Z\u0142a siostra,\u00a0 z cyklu Koszmary, akwarela, ekolina na papierze, 30&#215;30 cm, 2010<\/h2>\n<p>Akwarela <strong>Basia Ba\u0144da Z\u0142a siostra<\/strong> prezentowana by\u0142a na wystawie<span style=\"color: #666666; font-size: 14px;\">\u00a0<\/span><a style=\"font-size: 14px;\" href=\"https:\/\/shop.arttrakt.pl\/opowiedz-mi-o-tym\/\">&#8220;Opowiedz mi o tym&#8221;<\/a><span style=\"color: #666666; font-size: 14px;\">\u00a0<\/span><span style=\"color: #666666; font-size: 14px;\">w galerii Arttrakt.<\/span><\/p>\n<h3>Basi Ba\u0144dy Bajka o takim, co wyruszy\u0142 w \u015bwiat, \u017ceby nauczy\u0107 si\u0119 ba\u0107.<\/h3>\n<p>Praca pochodzi z cyklu Koszmary, kt\u00f3ry odwo\u0142uje si\u0119 do \u015bwiata zwierz\u0105t i natury. Akwarele nawi\u0105zuj\u0105 do pewnej\u00a0 ba\u015bniowo\u015bci i motyw\u00f3w znanych z bajek, przede wszystkim z &#8220;Ba\u015bni&#8221; Braci Grimm. W pracach Ba\u0144dy estetyka bajkowo\u015bci zderza si\u0119 z brutalno\u015bci\u0105 przekazu.<\/p>\n<p>&nbsp;<\/p>\n<p>Wi\u0119cej na temat prac Basi Ba\u0144dy\u00a0 z tego okresu przeczyta\u0107 mo\u017cna<a href=\"http:\/\/niezla-sztuka.blogspot.com\/2011\/01\/straszne-bajki-basi-bandy.html\"> tutaj.<\/a><\/p>\n","protected":false},"excerpt":{"rendered":"<p>akwarela, ekolina na papierze, 30&#215;30 cm, 2010<\/p>\n","protected":false},"featured_media":4917,"template":"","meta":{"_et_pb_use_builder":"","_et_pb_old_content":"","_et_gb_content_width":"","inline_featured_image":false},"product_brand":[],"product_cat":[620],"product_tag":[],"class_list":{"0":"post-4053","1":"product","2":"type-product","3":"status-publish","4":"has-post-thumbnail","6":"product_cat-unikatowe-prace-na-papierze","8":"first","9":"instock","10":"sold-individually","11":"shipping-taxable","12":"purchasable","13":"product-type-simple"},"yoast_head":"<!-- This site is optimized with the Yoast SEO plugin v24.7 - https:\/\/yoast.com\/wordpress\/plugins\/seo\/ -->\n<title>Basia Ba\u0144da - Z\u0142a siostra - SHOP ARTTRAKT<\/title>\n<meta name=\"description\" content=\"Basia Ba\u0144da, Z\u0142a siostra, akwarela na papierze, 30 x 30 cm, 2010. Akwarela pochodzi z cyklu Koszmary. Zobacz prace Basi Ba\u0144dy z oferty galerii.\" \/>\n<meta name=\"robots\" content=\"index, follow, max-snippet:-1, max-image-preview:large, max-video-preview:-1\" \/>\n<link rel=\"canonical\" href=\"https:\/\/shop.arttrakt.pl\/en\/shop\/unikatowe-prace-na-papierze\/zla-siostra\/\" \/>\n<meta property=\"og:locale\" content=\"en_US\" \/>\n<meta property=\"og:type\" content=\"article\" \/>\n<meta property=\"og:title\" content=\"Basia Ba\u0144da - Z\u0142a siostra - SHOP ARTTRAKT\" \/>\n<meta property=\"og:description\" content=\"Basia Ba\u0144da, Z\u0142a siostra, akwarela na papierze, 30 x 30 cm, 2010. Akwarela pochodzi z cyklu Koszmary. Zobacz prace Basi Ba\u0144dy z oferty galerii.\" \/>\n<meta property=\"og:url\" content=\"https:\/\/shop.arttrakt.pl\/en\/shop\/unikatowe-prace-na-papierze\/zla-siostra\/\" \/>\n<meta property=\"og:site_name\" content=\"SHOP ARTTRAKT\" \/>\n<meta property=\"article:publisher\" content=\"https:\/\/www.facebook.com\/Arttrakt\" \/>\n<meta property=\"article:modified_time\" content=\"2023-03-02T19:08:14+00:00\" \/>\n<meta property=\"og:image\" content=\"https:\/\/shop.arttrakt.pl\/wp-content\/uploads\/2022\/10\/zla_siostra_akwarela_30x30cm-4000-zl-1.jpg\" \/>\n\t<meta property=\"og:image:width\" content=\"1000\" \/>\n\t<meta property=\"og:image:height\" content=\"1000\" \/>\n\t<meta property=\"og:image:type\" content=\"image\/jpeg\" \/>\n<script type=\"application\/ld+json\" class=\"yoast-schema-graph\">{\"@context\":\"https:\/\/schema.org\",\"@graph\":[{\"@type\":\"WebPage\",\"@id\":\"https:\/\/shop.arttrakt.pl\/en\/shop\/unikatowe-prace-na-papierze\/zla-siostra\/\",\"url\":\"https:\/\/shop.arttrakt.pl\/en\/shop\/unikatowe-prace-na-papierze\/zla-siostra\/\",\"name\":\"Basia Ba\u0144da - Z\u0142a siostra - SHOP ARTTRAKT\",\"isPartOf\":{\"@id\":\"https:\/\/shop.arttrakt.pl\/en\/#website\"},\"primaryImageOfPage\":{\"@id\":\"https:\/\/shop.arttrakt.pl\/en\/shop\/unikatowe-prace-na-papierze\/zla-siostra\/#primaryimage\"},\"image\":{\"@id\":\"https:\/\/shop.arttrakt.pl\/en\/shop\/unikatowe-prace-na-papierze\/zla-siostra\/#primaryimage\"},\"thumbnailUrl\":\"https:\/\/shop.arttrakt.pl\/wp-content\/uploads\/2022\/10\/zla_siostra_akwarela_30x30cm-4000-zl-1.jpg\",\"datePublished\":\"2022-10-05T14:44:11+00:00\",\"dateModified\":\"2023-03-02T19:08:14+00:00\",\"description\":\"Basia Ba\u0144da, Z\u0142a siostra, akwarela na papierze, 30 x 30 cm, 2010. Akwarela pochodzi z cyklu Koszmary. Zobacz prace Basi Ba\u0144dy z oferty galerii.\",\"breadcrumb\":{\"@id\":\"https:\/\/shop.arttrakt.pl\/en\/shop\/unikatowe-prace-na-papierze\/zla-siostra\/#breadcrumb\"},\"inLanguage\":\"en-US\",\"potentialAction\":[{\"@type\":\"ReadAction\",\"target\":[\"https:\/\/shop.arttrakt.pl\/en\/shop\/unikatowe-prace-na-papierze\/zla-siostra\/\"]}]},{\"@type\":\"ImageObject\",\"inLanguage\":\"en-US\",\"@id\":\"https:\/\/shop.arttrakt.pl\/en\/shop\/unikatowe-prace-na-papierze\/zla-siostra\/#primaryimage\",\"url\":\"https:\/\/shop.arttrakt.pl\/wp-content\/uploads\/2022\/10\/zla_siostra_akwarela_30x30cm-4000-zl-1.jpg\",\"contentUrl\":\"https:\/\/shop.arttrakt.pl\/wp-content\/uploads\/2022\/10\/zla_siostra_akwarela_30x30cm-4000-zl-1.jpg\",\"width\":1000,\"height\":1000,\"caption\":\"akarela Basi Ba\u0144dy, Z cyklu Koszmary, 30x30 cm, 2010.\"},{\"@type\":\"BreadcrumbList\",\"@id\":\"https:\/\/shop.arttrakt.pl\/en\/shop\/unikatowe-prace-na-papierze\/zla-siostra\/#breadcrumb\",\"itemListElement\":[{\"@type\":\"ListItem\",\"position\":1,\"name\":\"Strona g\u0142\u00f3wna\",\"item\":\"https:\/\/shop.arttrakt.pl\/en\/\"},{\"@type\":\"ListItem\",\"position\":2,\"name\":\"Shop\",\"item\":\"https:\/\/shop.arttrakt.pl\/en\/shop\/\"},{\"@type\":\"ListItem\",\"position\":3,\"name\":\"Basia Ba\u0144da &#8211; Z\u0142a siostra\"}]},{\"@type\":\"WebSite\",\"@id\":\"https:\/\/shop.arttrakt.pl\/en\/#website\",\"url\":\"https:\/\/shop.arttrakt.pl\/en\/\",\"name\":\"SHOP ARTTRAKT\",\"description\":\"Sklep Arttrakt\",\"publisher\":{\"@id\":\"https:\/\/shop.arttrakt.pl\/en\/#organization\"},\"potentialAction\":[{\"@type\":\"SearchAction\",\"target\":{\"@type\":\"EntryPoint\",\"urlTemplate\":\"https:\/\/shop.arttrakt.pl\/en\/?s={search_term_string}\"},\"query-input\":{\"@type\":\"PropertyValueSpecification\",\"valueRequired\":true,\"valueName\":\"search_term_string\"}}],\"inLanguage\":\"en-US\"},{\"@type\":\"Organization\",\"@id\":\"https:\/\/shop.arttrakt.pl\/en\/#organization\",\"name\":\"ARTTRAKT\",\"alternateName\":\"ARTTRAKT\",\"url\":\"https:\/\/shop.arttrakt.pl\/en\/\",\"logo\":{\"@type\":\"ImageObject\",\"inLanguage\":\"en-US\",\"@id\":\"https:\/\/shop.arttrakt.pl\/en\/#\/schema\/logo\/image\/\",\"url\":\"https:\/\/shop.arttrakt.pl\/wp-content\/uploads\/2022\/03\/logo_arttrakt.svg\",\"contentUrl\":\"https:\/\/shop.arttrakt.pl\/wp-content\/uploads\/2022\/03\/logo_arttrakt.svg\",\"width\":\"1024\",\"height\":\"1024\",\"caption\":\"ARTTRAKT\"},\"image\":{\"@id\":\"https:\/\/shop.arttrakt.pl\/en\/#\/schema\/logo\/image\/\"},\"sameAs\":[\"https:\/\/www.facebook.com\/Arttrakt\",\"https:\/\/www.instagram.com\/galeria_arttrakt\/\"]}]}<\/script>\n<!-- \/ Yoast SEO plugin. -->","yoast_head_json":{"title":"Basia Ba\u0144da - Z\u0142a siostra - SHOP ARTTRAKT","description":"Basia Ba\u0144da, Z\u0142a siostra, akwarela na papierze, 30 x 30 cm, 2010. Akwarela pochodzi z cyklu Koszmary. Zobacz prace Basi Ba\u0144dy z oferty galerii.","robots":{"index":"index","follow":"follow","max-snippet":"max-snippet:-1","max-image-preview":"max-image-preview:large","max-video-preview":"max-video-preview:-1"},"canonical":"https:\/\/shop.arttrakt.pl\/en\/shop\/unikatowe-prace-na-papierze\/zla-siostra\/","og_locale":"en_US","og_type":"article","og_title":"Basia Ba\u0144da - Z\u0142a siostra - SHOP ARTTRAKT","og_description":"Basia Ba\u0144da, Z\u0142a siostra, akwarela na papierze, 30 x 30 cm, 2010. Akwarela pochodzi z cyklu Koszmary. Zobacz prace Basi Ba\u0144dy z oferty galerii.","og_url":"https:\/\/shop.arttrakt.pl\/en\/shop\/unikatowe-prace-na-papierze\/zla-siostra\/","og_site_name":"SHOP ARTTRAKT","article_publisher":"https:\/\/www.facebook.com\/Arttrakt","article_modified_time":"2023-03-02T19:08:14+00:00","og_image":[{"width":1000,"height":1000,"url":"https:\/\/shop.arttrakt.pl\/wp-content\/uploads\/2022\/10\/zla_siostra_akwarela_30x30cm-4000-zl-1.jpg","type":"image\/jpeg"}],"schema":{"@context":"https:\/\/schema.org","@graph":[{"@type":"WebPage","@id":"https:\/\/shop.arttrakt.pl\/en\/shop\/unikatowe-prace-na-papierze\/zla-siostra\/","url":"https:\/\/shop.arttrakt.pl\/en\/shop\/unikatowe-prace-na-papierze\/zla-siostra\/","name":"Basia Ba\u0144da - Z\u0142a siostra - SHOP ARTTRAKT","isPartOf":{"@id":"https:\/\/shop.arttrakt.pl\/en\/#website"},"primaryImageOfPage":{"@id":"https:\/\/shop.arttrakt.pl\/en\/shop\/unikatowe-prace-na-papierze\/zla-siostra\/#primaryimage"},"image":{"@id":"https:\/\/shop.arttrakt.pl\/en\/shop\/unikatowe-prace-na-papierze\/zla-siostra\/#primaryimage"},"thumbnailUrl":"https:\/\/shop.arttrakt.pl\/wp-content\/uploads\/2022\/10\/zla_siostra_akwarela_30x30cm-4000-zl-1.jpg","datePublished":"2022-10-05T14:44:11+00:00","dateModified":"2023-03-02T19:08:14+00:00","description":"Basia Ba\u0144da, Z\u0142a siostra, akwarela na papierze, 30 x 30 cm, 2010. Akwarela pochodzi z cyklu Koszmary. Zobacz prace Basi Ba\u0144dy z oferty galerii.","breadcrumb":{"@id":"https:\/\/shop.arttrakt.pl\/en\/shop\/unikatowe-prace-na-papierze\/zla-siostra\/#breadcrumb"},"inLanguage":"en-US","potentialAction":[{"@type":"ReadAction","target":["https:\/\/shop.arttrakt.pl\/en\/shop\/unikatowe-prace-na-papierze\/zla-siostra\/"]}]},{"@type":"ImageObject","inLanguage":"en-US","@id":"https:\/\/shop.arttrakt.pl\/en\/shop\/unikatowe-prace-na-papierze\/zla-siostra\/#primaryimage","url":"https:\/\/shop.arttrakt.pl\/wp-content\/uploads\/2022\/10\/zla_siostra_akwarela_30x30cm-4000-zl-1.jpg","contentUrl":"https:\/\/shop.arttrakt.pl\/wp-content\/uploads\/2022\/10\/zla_siostra_akwarela_30x30cm-4000-zl-1.jpg","width":1000,"height":1000,"caption":"akarela Basi Ba\u0144dy, Z cyklu Koszmary, 30x30 cm, 2010."},{"@type":"BreadcrumbList","@id":"https:\/\/shop.arttrakt.pl\/en\/shop\/unikatowe-prace-na-papierze\/zla-siostra\/#breadcrumb","itemListElement":[{"@type":"ListItem","position":1,"name":"Strona g\u0142\u00f3wna","item":"https:\/\/shop.arttrakt.pl\/en\/"},{"@type":"ListItem","position":2,"name":"Shop","item":"https:\/\/shop.arttrakt.pl\/en\/shop\/"},{"@type":"ListItem","position":3,"name":"Basia Ba\u0144da &#8211; Z\u0142a siostra"}]},{"@type":"WebSite","@id":"https:\/\/shop.arttrakt.pl\/en\/#website","url":"https:\/\/shop.arttrakt.pl\/en\/","name":"SHOP ARTTRAKT","description":"Sklep Arttrakt","publisher":{"@id":"https:\/\/shop.arttrakt.pl\/en\/#organization"},"potentialAction":[{"@type":"SearchAction","target":{"@type":"EntryPoint","urlTemplate":"https:\/\/shop.arttrakt.pl\/en\/?s={search_term_string}"},"query-input":{"@type":"PropertyValueSpecification","valueRequired":true,"valueName":"search_term_string"}}],"inLanguage":"en-US"},{"@type":"Organization","@id":"https:\/\/shop.arttrakt.pl\/en\/#organization","name":"ARTTRAKT","alternateName":"ARTTRAKT","url":"https:\/\/shop.arttrakt.pl\/en\/","logo":{"@type":"ImageObject","inLanguage":"en-US","@id":"https:\/\/shop.arttrakt.pl\/en\/#\/schema\/logo\/image\/","url":"https:\/\/shop.arttrakt.pl\/wp-content\/uploads\/2022\/03\/logo_arttrakt.svg","contentUrl":"https:\/\/shop.arttrakt.pl\/wp-content\/uploads\/2022\/03\/logo_arttrakt.svg","width":"1024","height":"1024","caption":"ARTTRAKT"},"image":{"@id":"https:\/\/shop.arttrakt.pl\/en\/#\/schema\/logo\/image\/"},"sameAs":["https:\/\/www.facebook.com\/Arttrakt","https:\/\/www.instagram.com\/galeria_arttrakt\/"]}]}},"_links":{"self":[{"href":"https:\/\/shop.arttrakt.pl\/en\/wp-json\/wp\/v2\/product\/4053","targetHints":{"allow":["GET"]}}],"collection":[{"href":"https:\/\/shop.arttrakt.pl\/en\/wp-json\/wp\/v2\/product"}],"about":[{"href":"https:\/\/shop.arttrakt.pl\/en\/wp-json\/wp\/v2\/types\/product"}],"wp:featuredmedia":[{"embeddable":true,"href":"https:\/\/shop.arttrakt.pl\/en\/wp-json\/wp\/v2\/media\/4917"}],"wp:attachment":[{"href":"https:\/\/shop.arttrakt.pl\/en\/wp-json\/wp\/v2\/media?parent=4053"}],"wp:term":[{"taxonomy":"product_brand","embeddable":true,"href":"https:\/\/shop.arttrakt.pl\/en\/wp-json\/wp\/v2\/product_brand?post=4053"},{"taxonomy":"product_cat","embeddable":true,"href":"https:\/\/shop.arttrakt.pl\/en\/wp-json\/wp\/v2\/product_cat?post=4053"},{"taxonomy":"product_tag","embeddable":true,"href":"https:\/\/shop.arttrakt.pl\/en\/wp-json\/wp\/v2\/product_tag?post=4053"}],"curies":[{"name":"wp","href":"https:\/\/api.w.org\/{rel}","templated":true}]}}